{"id":430,"date":"2017-02-16T18:12:57","date_gmt":"2017-02-16T17:12:57","guid":{"rendered":"https:\/\/gplus.t3h.cz\/?page_id=9"},"modified":"2021-09-15T19:54:43","modified_gmt":"2021-09-15T17:54:43","slug":"kontakt","status":"publish","type":"page","link":"https:\/\/www.gobec.cz\/mapovy-server\/kontakt\/","title":{"rendered":"Kontakt"},"content":{"rendered":"<p><div class=\"fusion-fullwidth fullwidth-box fusion-builder-row-1 hundred-percent-fullwidth non-hundred-percent-height-scrolling\" style=\"background-color: rgba(255,255,255,0);background-position: center center;background-repeat: no-repeat;padding-top:0px;padding-right:0px;padding-bottom:20px;padding-left:0px;margin-bottom: 0px;margin-top: 0px;border-width: 0px 0px 0px 0px;border-color:#eae9e9;border-style:solid;\" ><div class=\"fusion-builder-row fusion-row\"><div class=\"fusion-layout-column fusion_builder_column fusion-builder-column-0 fusion_builder_column_1_1 1_1 fusion-one-full fusion-column-first fusion-column-last\" style=\"margin-top:0px;margin-bottom:20px;\"><div class=\"fusion-column-wrapper fusion-flex-column-wrapper-legacy\" style=\"background-position:left top;background-repeat:no-repeat;-webkit-background-size:cover;-moz-background-size:cover;-o-background-size:cover;background-size:cover;padding: 0px 0px 0px 0px;\">\t\t\t\t\t<script type=\"text\/javascript\">\n\t\t\t\t\t\tvar map_fusion_map_6a007b1e4d7aa;\n\t\t\t\t\t\tvar markers = [];\n\t\t\t\t\t\tvar counter = 0;\n\t\t\t\t\t\t\t\t\t\t\t\t\t\t\t\t\t\t\t\tvar fusionMapNonce = '30ed54914f';\n\t\t\t\t\t\t\t\t\t\t\t\tfunction fusion_run_map_fusion_map_6a007b1e4d7aa() {\n\t\t\t\t\t\t\tjQuery('#fusion_map_6a007b1e4d7aa').fusion_maps({\n\t\t\t\t\t\t\t\taddresses: [{\"address\":\"GPlus, s.r.o., Hlav\\u00e1\\u010dova 179, Pardubice\",\"infobox_content\":\"<p style=\\\"text-align: center\\\"><img src=\\\"https:\\\/\\\/www.gplus.cz\\\/wp-content\\\/uploads\\\/2017\\\/02\\\/gplus-sro-e1488884592643.png\\\" alt=\\\"GPlus, s.r.o.\\\" width=\\\"120\\\"><br\\\/>Provozovatel mapov\\u00e9ho serveru <b>GObec<\\\/b><br\\\/>Hlav\\u00e1\\u010dova 179, Pardubice<\\\/p>\",\"marker\":\"https:\\\/\\\/www.gplus.cz\\\/wp-content\\\/uploads\\\/2018\\\/11\\\/gplus-fav-45px.png\",\"coordinates\":false,\"cache\":true,\"latitude\":\"50.0323952\",\"longitude\":\"15.767305800000031\"}],\n\t\t\t\t\t\t\t\tanimations: true,\n\t\t\t\t\t\t\t\tinfobox_background_color: '#ffffff',\n\t\t\t\t\t\t\t\tinfobox_styling: 'custom',\n\t\t\t\t\t\t\t\tinfobox_text_color: '#7a7a7a',\n\t\t\t\t\t\t\t\tmap_style: 'custom',\n\t\t\t\t\t\t\t\tmap_type: 'hybrid',\n\t\t\t\t\t\t\t\tmarker_icon: 'https:\/\/www.gplus.cz\/wp-content\/uploads\/2018\/11\/gplus-fav-45px.png',\n\t\t\t\t\t\t\t\toverlay_color: '#f39200',\n\t\t\t\t\t\t\t\toverlay_color_hsl: {\"hue\":36,\"sat\":100,\"lum\":48},\n\t\t\t\t\t\t\t\tpan_control: true,\n\t\t\t\t\t\t\t\tshow_address: true,\n\t\t\t\t\t\t\t\tscale_control: true,\n\t\t\t\t\t\t\t\tscrollwheel: false,\n\t\t\t\t\t\t\t\tzoom: 16,\n\t\t\t\t\t\t\t\tzoom_control: true,\n\t\t\t\t\t\t\t});\n\t\t\t\t\t\t}\n\n\t\t\t\t\t\tgoogle.maps.event.addDomListener(window, 'load', fusion_run_map_fusion_map_6a007b1e4d7aa);\n\t\t\t\t\t<\/script>\n\t\t\t\t\t<div class=\"shortcode-map fusion-google-map fusion-maps-js-type\" id=\"fusion_map_6a007b1e4d7aa\" style=\"height:600px;width:100%;\"><\/div><div class=\"fusion-clearfix\"><\/div><\/div><\/div><\/div><\/div><div class=\"fusion-fullwidth fullwidth-box fusion-builder-row-2 nonhundred-percent-fullwidth non-hundred-percent-height-scrolling\" style=\"background-color: rgba(255,255,255,0);background-position: center center;background-repeat: no-repeat;padding-top:20px;padding-right:0px;padding-bottom:20px;padding-left:0px;margin-bottom: 0px;margin-top: 0px;border-width: 0px 0px 0px 0px;border-color:#eae9e9;border-style:solid;\" ><div class=\"fusion-builder-row fusion-row\"><div class=\"fusion-layout-column fusion_builder_column fusion-builder-column-1 fusion_builder_column_2_3 2_3 fusion-two-third fusion-column-first\" style=\"width:66.666666666667%;width:calc(66.666666666667% - ( ( 4% ) * 0.66666666666667 ) );margin-right: 4%;margin-top:0px;margin-bottom:20px;\"><div class=\"fusion-column-wrapper fusion-flex-column-wrapper-legacy\" style=\"background-position:left top;background-repeat:no-repeat;-webkit-background-size:cover;-moz-background-size:cover;-o-background-size:cover;background-size:cover;padding: 0px 0px 0px 0px;\"><style type=\"text\/css\"><\/style><div class=\"fusion-title title fusion-title-1 fusion-sep-none fusion-title-text fusion-title-size-one\" style=\"margin-top:0px;margin-right:0px;margin-bottom:31px;margin-left:0px;\"><h1 class=\"title-heading-left\" style=\"margin:0;\">Kontaktn\u00ed formul\u00e1\u0159<\/h1><\/div><div class=\"fusion-text fusion-text-1\"><p>M\u00e1te-li z\u00e1jem o&nbsp;na\u0161e slu\u017eby, nebo jak\u00fdkoliv dotaz, nebo p\u0159ipom\u00ednku, kontaktujte n\u00e1s pros\u00edm pomoc\u00ed kontaktn\u00edho formul\u00e1\u0159e, nebo na&nbsp;uveden\u00e9m emailu. Ozveme se V\u00e1m v&nbsp;co nejkrat\u0161\u00edm term\u00ednu.<\/p>\n<\/div><div role=\"form\" class=\"wpcf7\" id=\"wpcf7-f365-o1\" lang=\"cs-CZ\" dir=\"ltr\">\n<div class=\"screen-reader-response\"><p role=\"status\" aria-live=\"polite\" aria-atomic=\"true\"><\/p> <ul><\/ul><\/div>\n<form action=\"\/mapovy-server\/wp-json\/wp\/v2\/pages\/430#wpcf7-f365-o1\" method=\"post\" class=\"wpcf7-form init\" novalidate=\"novalidate\" data-status=\"init\">\n<div style=\"display: none;\">\n<input type=\"hidden\" name=\"_wpcf7\" value=\"365\" \/>\n<input type=\"hidden\" name=\"_wpcf7_version\" value=\"5.5.6.1\" \/>\n<input type=\"hidden\" name=\"_wpcf7_locale\" value=\"cs_CZ\" \/>\n<input type=\"hidden\" name=\"_wpcf7_unit_tag\" value=\"wpcf7-f365-o1\" \/>\n<input type=\"hidden\" name=\"_wpcf7_container_post\" value=\"0\" \/>\n<input type=\"hidden\" name=\"_wpcf7_posted_data_hash\" value=\"\" \/>\n<input type=\"hidden\" name=\"_wpcf7_recaptcha_response\" value=\"\" \/>\n<\/div>\n<p><label> Va\u0161e jm\u00e9no (vy\u017eadov\u00e1no)<br \/>\n    <span class=\"wpcf7-form-control-wrap your-name\"><input type=\"text\" name=\"your-name\" value=\"\" size=\"40\" class=\"wpcf7-form-control wpcf7-text wpcf7-validates-as-required\" aria-required=\"true\" aria-invalid=\"false\" \/><\/span> <\/label><\/p>\n<p><label> V\u00e1\u0161 e-mail (vy\u017eadov\u00e1no)<br \/>\n    <span class=\"wpcf7-form-control-wrap your-email\"><input type=\"email\" name=\"your-email\" value=\"\" size=\"40\" class=\"wpcf7-form-control wpcf7-text wpcf7-email wpcf7-validates-as-required wpcf7-validates-as-email\" aria-required=\"true\" aria-invalid=\"false\" \/><\/span> <\/label><\/p>\n<p><label> P\u0159edm\u011bt<br \/>\n    <span class=\"wpcf7-form-control-wrap your-subject\"><input type=\"text\" name=\"your-subject\" value=\"\" size=\"40\" class=\"wpcf7-form-control wpcf7-text\" aria-invalid=\"false\" \/><\/span> <\/label><\/p>\n<p><label> Va\u0161e zpr\u00e1va<br \/>\n    <span class=\"wpcf7-form-control-wrap your-message\"><textarea name=\"your-message\" cols=\"40\" rows=\"10\" class=\"wpcf7-form-control wpcf7-textarea\" aria-invalid=\"false\"><\/textarea><\/span> <\/label><\/p>\n\n<p><input type=\"submit\" value=\"Odeslat\" class=\"wpcf7-form-control has-spinner wpcf7-submit\" \/><\/p>\n<div class=\"fusion-alert alert custom alert-custom fusion-alert-center wpcf7-response-output fusion-alert-capitalize alert-dismissable\" style=\"border-width:1px;\"><button type=\"button\" class=\"close toggle-alert\" data-dismiss=\"alert\" aria-hidden=\"true\">&times;<\/button><div class=\"fusion-alert-content-wrapper\"><span class=\"fusion-alert-content\"><\/span><\/div><\/div><\/form><\/div><div class=\"fusion-clearfix\"><\/div><\/div><\/div><div class=\"fusion-layout-column fusion_builder_column fusion-builder-column-2 fusion_builder_column_1_3 1_3 fusion-one-third fusion-column-last\" style=\"width:33.333333333333%;width:calc(33.333333333333% - ( ( 4% ) * 0.33333333333333 ) );margin-top:0px;margin-bottom:20px;\"><div class=\"fusion-column-wrapper fusion-flex-column-wrapper-legacy\" style=\"background-position:left top;background-repeat:no-repeat;-webkit-background-size:cover;-moz-background-size:cover;-o-background-size:cover;background-size:cover;padding: 0px 0px 0px 0px;\"><span class=\" fusion-imageframe imageframe-none imageframe-1 hover-type-none\" style=\"margin-left:25px;float:right;\"><a class=\"fusion-no-lightbox\" href=\"https:\/\/www.gplus.cz\/\" target=\"_blank\" aria-label=\"gplus-sro\" rel=\"noopener noreferrer\"><img width=\"150\" height=\"57\" src=\"https:\/\/www.gobec.cz\/mapovy-server\/wp-content\/uploads\/2017\/02\/gplus-sro-e1488868169276.png\" class=\"img-responsive wp-image-357\"\/><\/a><\/span><div class=\"fusion-sep-clear\"><\/div><div class=\"fusion-separator fusion-full-width-sep\" style=\"margin-left: auto;margin-right: auto;margin-top:50px;width:100%;\"><\/div><div class=\"fusion-sep-clear\"><\/div><div class=\"fusion-text fusion-text-2\"><p style=\"text-align: right;\"><em>Kancel\u00e1\u0159 a&nbsp;<span style=\"color: #ff0000;\">koresponden\u010dn\u00ed adresa(!)<\/span>:<\/em><br \/>\nHlav\u00e1\u010dova 179<br \/>\n530\u00a002 Pardubice<br \/>\ntel.: +420&nbsp;774&nbsp;749&nbsp;773<br \/>\ne-mail: <a href=\"mailto:gplus@gplus.cz\">gplus@gplus.cz<\/a><br \/>\n<a href=\"https:\/\/www.gplus.cz\" target=\"_blank\" rel=\"noopener noreferrer\">www.gplus.cz<\/a><\/p>\n<p style=\"text-align: right;\"><em>S\u00eddlo firmy:<\/em><br \/>\n\u010d.p. 47<br \/>\n533&nbsp;04 \u00dajezd u&nbsp;Sezemic<br \/>\nI\u010c: 45537691<br \/>\nDI\u010c: CZ45537691<\/p>\n<p style=\"text-align: right;\"><em>Kontaktn\u00ed osoba:<\/em><br \/>\n<strong>Ing. Radek Kacetl<\/strong><br \/>\n<em>jednatel<\/em><br \/>\ntel.: +420&nbsp;608&nbsp;077&nbsp;074<br \/>\ne-mail:\u00a0<a href=\"mailto:radek.kacetl%40gplus.cz\">radek.kacetl@gplus.cz<\/a><\/p>\n<\/div><div class=\"fusion-clearfix\"><\/div><\/div><\/div><\/div><\/div><\/p>\n","protected":false},"excerpt":{"rendered":"","protected":false},"author":2,"featured_media":0,"parent":0,"menu_order":4,"comment_status":"closed","ping_status":"closed","template":"100-width.php","meta":[],"_links":{"self":[{"href":"https:\/\/www.gobec.cz\/mapovy-server\/wp-json\/wp\/v2\/pages\/430"}],"collection":[{"href":"https:\/\/www.gobec.cz\/mapovy-server\/wp-json\/wp\/v2\/pages"}],"about":[{"href":"https:\/\/www.gobec.cz\/mapovy-server\/wp-json\/wp\/v2\/types\/page"}],"author":[{"embeddable":true,"href":"https:\/\/www.gobec.cz\/mapovy-server\/wp-json\/wp\/v2\/users\/2"}],"replies":[{"embeddable":true,"href":"https:\/\/www.gobec.cz\/mapovy-server\/wp-json\/wp\/v2\/comments?post=430"}],"version-history":[{"count":1,"href":"https:\/\/www.gobec.cz\/mapovy-server\/wp-json\/wp\/v2\/pages\/430\/revisions"}],"predecessor-version":[{"id":2792,"href":"https:\/\/www.gobec.cz\/mapovy-server\/wp-json\/wp\/v2\/pages\/430\/revisions\/2792"}],"wp:attachment":[{"href":"https:\/\/www.gobec.cz\/mapovy-server\/wp-json\/wp\/v2\/media?parent=430"}],"curies":[{"name":"wp","href":"https:\/\/api.w.org\/{rel}","templated":true}]}}